{"id":1840,"date":"2023-09-01T14:39:14","date_gmt":"2023-09-01T14:39:14","guid":{"rendered":"https:\/\/farinefarchioni.it\/certificazioni-qas\/"},"modified":"2023-10-25T06:44:16","modified_gmt":"2023-10-25T06:44:16","slug":"qas-zertifizierungen","status":"publish","type":"page","link":"https:\/\/farinefarchioni.it\/de\/qas-zertifizierungen\/","title":{"rendered":"QAS-Zertifizierungen"},"content":{"rendered":"\n<div style=\"height:50px\" aria-hidden=\"true\" class=\"wp-block-spacer\"><\/div>\n\n\n\n<p>Farchioni, ein italienisches Familienunternehmen seit 1780, engagiert sich seit Jahren im Einklang mit seinen ethischen Werten und strategischen Leitlinien mit einer Reihe von Aktivit\u00e4ten mit dem Ziel, seinen Kunden qualitativ hochwertige und schmackhafte Produkte anzubieten und gleichzeitig die menschliche Gesundheit zu respektieren und die Umwelt entfernen und von unten entfernen.<\/p>\n\n\n\n<p>Farchioni ist seit 1780 ein italienisches Familienunternehmen. Im Einklang mit seinen ethischen Werten und strategischen Zielen engagieren wir uns seit mehreren Jahren in einer Reihe von Aktivit\u00e4ten, die darauf abzielen, qualitativ hochwertige Produkte anzubieten, die sowohl die menschliche Gesundheit als auch die Umwelt respektieren.<\/p>\n\n\n\n<p>Heute hat Farchioni beschlossen, dieses Engagement mit dem Projekt \u201eQualit\u00e0 \u2013 Ambiente \u2013 Sicurezza\u201c (\u201eQualit\u00e4t \u2013 Umwelt \u2013 Sicherheit\u201c) zu formalisieren. Wir machen diese Initiative bekannt, indem wir das QAS\u00ae-Logo auf allen unseren Produktetiketten einf\u00fcgen.<\/p>\n\n\n\n<p>Um das QAS\u00ae-Logo verwenden zu k\u00f6nnen, hat Farchioni strenge Verfahren eingef\u00fchrt, die regelm\u00e4\u00dfigen Audits durch eine unabh\u00e4ngige Zertifizierungsstelle unterliegen, um die Einhaltung von Anforderungen und Standards zu bescheinigen.<\/p>\n\n\n\n<p>Das Projekt basiert auf einer Reihe spezifischer Ma\u00dfnahmen und Verpflichtungen in Bezug auf Prozess- und Produktqualit\u00e4t, Wohlbefinden und Sicherheit der Arbeitnehmer, Umweltschutz, Energieeffizienz und Lebensmittelsicherheit.<\/p>\n\n\n\n<p>ETHIK KODEX<br>Farchioni Olii S.p.A. hat einen Ethikkodex entworfen, der die Werte verdeutlicht, die das gesamte Unternehmen bei der Aus\u00fcbung seiner Gesch\u00e4ftst\u00e4tigkeit anerkennt, akzeptiert und teilt.<\/p>\n\n\n\n<p>Die Grunds\u00e4tze und Bestimmungen des Ethikkodex spiegeln und konkretisieren die allgemeinen Sorgfalts-, Fairness- und Loyalit\u00e4tspflichten, die bei der Aus\u00fcbung der Arbeit, dem Verhalten am Arbeitsplatz und der F\u00fchrung des Unternehmens einzuhalten sind. Der Ethikkodex von Farchion Olii S.p.A. wurde am 16. November 2016 ebenfalls vom Vorstand des Unternehmens angenommen.<\/p>\n\n\n\n<p>In \u00dcbereinstimmung mit dem Gesetzesdekret 231\/2001, Art. 6, Abs. 1b) hat der Vorstand mit demselben Datum einen eigenen Aufsichtsrat bestellt. Der Vorstand ist unabh\u00e4ngig und verf\u00fcgt \u00fcber Initiativ- und Kontrollbefugnisse, um die Wirksamkeit und Konformit\u00e4t des Organisationsmodells zu \u00fcberpr\u00fcfen und es auf dem neuesten Stand zu halten.<\/p>\n\n\n\n<p><a href=\"https:\/\/oliofarchioni.com\/wp-content\/uploads\/2022\/03\/Allegato-02_Codice-Etico_EN.pdf\" target=\"_blank\" rel=\"noreferrer noopener\">Ethik Kodex<\/a><\/p>\n","protected":false},"excerpt":{"rendered":"<p>Farchioni, ein italienisches Familienunternehmen seit 1780, engagiert sich seit Jahren im Einklang mit seinen ethischen Werten und strategischen Leitlinien mit einer Reihe von Aktivit\u00e4ten mit dem Ziel, seinen Kunden qualitativ hochwertige und schmackhafte Produkte anzubieten und gleichzeitig die menschliche Gesundheit zu respektieren und die Umwelt entfernen und von unten entfernen. Farchioni ist seit 1780 ein [&hellip;]<\/p>\n","protected":false},"author":2,"featured_media":1748,"parent":0,"menu_order":0,"comment_status":"closed","ping_status":"closed","template":"page-small-header","meta":{"_acf_changed":false,"footnotes":""},"class_list":["post-1840","page","type-page","status-publish","has-post-thumbnail","hentry"],"acf":[],"yoast_head":"<!-- This site is optimized with the Yoast SEO plugin v26.9 - https:\/\/yoast.com\/product\/yoast-seo-wordpress\/ -->\n<title>QAS-Zertifizierungen - Farine Farchioni<\/title>\n<meta name=\"robots\" content=\"index, follow, max-snippet:-1, max-image-preview:large, max-video-preview:-1\" \/>\n<link rel=\"canonical\" href=\"https:\/\/farinefarchioni.it\/de\/qas-zertifizierungen\/\" \/>\n<meta property=\"og:locale\" content=\"de_DE\" \/>\n<meta property=\"og:type\" content=\"article\" \/>\n<meta property=\"og:title\" content=\"QAS-Zertifizierungen - Farine Farchioni\" \/>\n<meta property=\"og:description\" content=\"Farchioni, ein italienisches Familienunternehmen seit 1780, engagiert sich seit Jahren im Einklang mit seinen ethischen Werten und strategischen Leitlinien mit einer Reihe von Aktivit\u00e4ten mit dem Ziel, seinen Kunden qualitativ hochwertige und schmackhafte Produkte anzubieten und gleichzeitig die menschliche Gesundheit zu respektieren und die Umwelt entfernen und von unten entfernen. Farchioni ist seit 1780 ein [&hellip;]\" \/>\n<meta property=\"og:url\" content=\"https:\/\/farinefarchioni.it\/de\/qas-zertifizierungen\/\" \/>\n<meta property=\"og:site_name\" content=\"Farine Farchioni\" \/>\n<meta property=\"article:publisher\" content=\"https:\/\/www.facebook.com\/farinefarchioni\" \/>\n<meta property=\"article:modified_time\" content=\"2023-10-25T06:44:16+00:00\" \/>\n<meta property=\"og:image\" content=\"https:\/\/farinefarchioni.it\/wp-content\/uploads\/certificazioni-qas-cover.jpg\" \/>\n\t<meta property=\"og:image:width\" content=\"516\" \/>\n\t<meta property=\"og:image:height\" content=\"473\" \/>\n\t<meta property=\"og:image:type\" content=\"image\/jpeg\" \/>\n<meta name=\"twitter:card\" content=\"summary_large_image\" \/>\n<meta name=\"twitter:label1\" content=\"Gesch\u00e4tzte Lesezeit\" \/>\n\t<meta name=\"twitter:data1\" content=\"2\u00a0Minuten\" \/>\n<script type=\"application\/ld+json\" class=\"yoast-schema-graph\">{\"@context\":\"https:\/\/schema.org\",\"@graph\":[{\"@type\":\"WebPage\",\"@id\":\"https:\/\/farinefarchioni.it\/de\/qas-zertifizierungen\/\",\"url\":\"https:\/\/farinefarchioni.it\/de\/qas-zertifizierungen\/\",\"name\":\"QAS-Zertifizierungen - Farine Farchioni\",\"isPartOf\":{\"@id\":\"https:\/\/farinefarchioni.it\/#website\"},\"primaryImageOfPage\":{\"@id\":\"https:\/\/farinefarchioni.it\/de\/qas-zertifizierungen\/#primaryimage\"},\"image\":{\"@id\":\"https:\/\/farinefarchioni.it\/de\/qas-zertifizierungen\/#primaryimage\"},\"thumbnailUrl\":\"https:\/\/farinefarchioni.it\/wp-content\/uploads\/certificazioni-qas-cover.jpg\",\"datePublished\":\"2023-09-01T14:39:14+00:00\",\"dateModified\":\"2023-10-25T06:44:16+00:00\",\"breadcrumb\":{\"@id\":\"https:\/\/farinefarchioni.it\/de\/qas-zertifizierungen\/#breadcrumb\"},\"inLanguage\":\"de\",\"potentialAction\":[{\"@type\":\"ReadAction\",\"target\":[\"https:\/\/farinefarchioni.it\/de\/qas-zertifizierungen\/\"]}]},{\"@type\":\"ImageObject\",\"inLanguage\":\"de\",\"@id\":\"https:\/\/farinefarchioni.it\/de\/qas-zertifizierungen\/#primaryimage\",\"url\":\"https:\/\/farinefarchioni.it\/wp-content\/uploads\/certificazioni-qas-cover.jpg\",\"contentUrl\":\"https:\/\/farinefarchioni.it\/wp-content\/uploads\/certificazioni-qas-cover.jpg\",\"width\":516,\"height\":473},{\"@type\":\"BreadcrumbList\",\"@id\":\"https:\/\/farinefarchioni.it\/de\/qas-zertifizierungen\/#breadcrumb\",\"itemListElement\":[{\"@type\":\"ListItem\",\"position\":1,\"name\":\"Home\",\"item\":\"https:\/\/farinefarchioni.it\/de\/\"},{\"@type\":\"ListItem\",\"position\":2,\"name\":\"QAS-Zertifizierungen\"}]},{\"@type\":\"WebSite\",\"@id\":\"https:\/\/farinefarchioni.it\/#website\",\"url\":\"https:\/\/farinefarchioni.it\/\",\"name\":\"Farine Farchioni\",\"description\":\"Coltiviamo Farine d&#039;arte dal 1780\",\"publisher\":{\"@id\":\"https:\/\/farinefarchioni.it\/#organization\"},\"potentialAction\":[{\"@type\":\"SearchAction\",\"target\":{\"@type\":\"EntryPoint\",\"urlTemplate\":\"https:\/\/farinefarchioni.it\/?s={search_term_string}\"},\"query-input\":{\"@type\":\"PropertyValueSpecification\",\"valueRequired\":true,\"valueName\":\"search_term_string\"}}],\"inLanguage\":\"de\"},{\"@type\":\"Organization\",\"@id\":\"https:\/\/farinefarchioni.it\/#organization\",\"name\":\"Farine Farchioni\",\"url\":\"https:\/\/farinefarchioni.it\/\",\"logo\":{\"@type\":\"ImageObject\",\"inLanguage\":\"de\",\"@id\":\"https:\/\/farinefarchioni.it\/#\/schema\/logo\/image\/\",\"url\":\"https:\/\/farinefarchioni.it\/wp-content\/uploads\/farinefarchioni-logo.png\",\"contentUrl\":\"https:\/\/farinefarchioni.it\/wp-content\/uploads\/farinefarchioni-logo.png\",\"width\":1080,\"height\":625,\"caption\":\"Farine Farchioni\"},\"image\":{\"@id\":\"https:\/\/farinefarchioni.it\/#\/schema\/logo\/image\/\"},\"sameAs\":[\"https:\/\/www.facebook.com\/farinefarchioni\",\"https:\/\/www.instagram.com\/farinefarchioni\/\"]}]}<\/script>\n<!-- \/ Yoast SEO plugin. -->","yoast_head_json":{"title":"QAS-Zertifizierungen - Farine Farchioni","robots":{"index":"index","follow":"follow","max-snippet":"max-snippet:-1","max-image-preview":"max-image-preview:large","max-video-preview":"max-video-preview:-1"},"canonical":"https:\/\/farinefarchioni.it\/de\/qas-zertifizierungen\/","og_locale":"de_DE","og_type":"article","og_title":"QAS-Zertifizierungen - Farine Farchioni","og_description":"Farchioni, ein italienisches Familienunternehmen seit 1780, engagiert sich seit Jahren im Einklang mit seinen ethischen Werten und strategischen Leitlinien mit einer Reihe von Aktivit\u00e4ten mit dem Ziel, seinen Kunden qualitativ hochwertige und schmackhafte Produkte anzubieten und gleichzeitig die menschliche Gesundheit zu respektieren und die Umwelt entfernen und von unten entfernen. Farchioni ist seit 1780 ein [&hellip;]","og_url":"https:\/\/farinefarchioni.it\/de\/qas-zertifizierungen\/","og_site_name":"Farine Farchioni","article_publisher":"https:\/\/www.facebook.com\/farinefarchioni","article_modified_time":"2023-10-25T06:44:16+00:00","og_image":[{"width":516,"height":473,"url":"https:\/\/farinefarchioni.it\/wp-content\/uploads\/certificazioni-qas-cover.jpg","type":"image\/jpeg"}],"twitter_card":"summary_large_image","twitter_misc":{"Gesch\u00e4tzte Lesezeit":"2\u00a0Minuten"},"schema":{"@context":"https:\/\/schema.org","@graph":[{"@type":"WebPage","@id":"https:\/\/farinefarchioni.it\/de\/qas-zertifizierungen\/","url":"https:\/\/farinefarchioni.it\/de\/qas-zertifizierungen\/","name":"QAS-Zertifizierungen - Farine Farchioni","isPartOf":{"@id":"https:\/\/farinefarchioni.it\/#website"},"primaryImageOfPage":{"@id":"https:\/\/farinefarchioni.it\/de\/qas-zertifizierungen\/#primaryimage"},"image":{"@id":"https:\/\/farinefarchioni.it\/de\/qas-zertifizierungen\/#primaryimage"},"thumbnailUrl":"https:\/\/farinefarchioni.it\/wp-content\/uploads\/certificazioni-qas-cover.jpg","datePublished":"2023-09-01T14:39:14+00:00","dateModified":"2023-10-25T06:44:16+00:00","breadcrumb":{"@id":"https:\/\/farinefarchioni.it\/de\/qas-zertifizierungen\/#breadcrumb"},"inLanguage":"de","potentialAction":[{"@type":"ReadAction","target":["https:\/\/farinefarchioni.it\/de\/qas-zertifizierungen\/"]}]},{"@type":"ImageObject","inLanguage":"de","@id":"https:\/\/farinefarchioni.it\/de\/qas-zertifizierungen\/#primaryimage","url":"https:\/\/farinefarchioni.it\/wp-content\/uploads\/certificazioni-qas-cover.jpg","contentUrl":"https:\/\/farinefarchioni.it\/wp-content\/uploads\/certificazioni-qas-cover.jpg","width":516,"height":473},{"@type":"BreadcrumbList","@id":"https:\/\/farinefarchioni.it\/de\/qas-zertifizierungen\/#breadcrumb","itemListElement":[{"@type":"ListItem","position":1,"name":"Home","item":"https:\/\/farinefarchioni.it\/de\/"},{"@type":"ListItem","position":2,"name":"QAS-Zertifizierungen"}]},{"@type":"WebSite","@id":"https:\/\/farinefarchioni.it\/#website","url":"https:\/\/farinefarchioni.it\/","name":"Farine Farchioni","description":"Coltiviamo Farine d&#039;arte dal 1780","publisher":{"@id":"https:\/\/farinefarchioni.it\/#organization"},"potentialAction":[{"@type":"SearchAction","target":{"@type":"EntryPoint","urlTemplate":"https:\/\/farinefarchioni.it\/?s={search_term_string}"},"query-input":{"@type":"PropertyValueSpecification","valueRequired":true,"valueName":"search_term_string"}}],"inLanguage":"de"},{"@type":"Organization","@id":"https:\/\/farinefarchioni.it\/#organization","name":"Farine Farchioni","url":"https:\/\/farinefarchioni.it\/","logo":{"@type":"ImageObject","inLanguage":"de","@id":"https:\/\/farinefarchioni.it\/#\/schema\/logo\/image\/","url":"https:\/\/farinefarchioni.it\/wp-content\/uploads\/farinefarchioni-logo.png","contentUrl":"https:\/\/farinefarchioni.it\/wp-content\/uploads\/farinefarchioni-logo.png","width":1080,"height":625,"caption":"Farine Farchioni"},"image":{"@id":"https:\/\/farinefarchioni.it\/#\/schema\/logo\/image\/"},"sameAs":["https:\/\/www.facebook.com\/farinefarchioni","https:\/\/www.instagram.com\/farinefarchioni\/"]}]}},"_links":{"self":[{"href":"https:\/\/farinefarchioni.it\/de\/wp-json\/wp\/v2\/pages\/1840","targetHints":{"allow":["GET"]}}],"collection":[{"href":"https:\/\/farinefarchioni.it\/de\/wp-json\/wp\/v2\/pages"}],"about":[{"href":"https:\/\/farinefarchioni.it\/de\/wp-json\/wp\/v2\/types\/page"}],"author":[{"embeddable":true,"href":"https:\/\/farinefarchioni.it\/de\/wp-json\/wp\/v2\/users\/2"}],"replies":[{"embeddable":true,"href":"https:\/\/farinefarchioni.it\/de\/wp-json\/wp\/v2\/comments?post=1840"}],"version-history":[{"count":3,"href":"https:\/\/farinefarchioni.it\/de\/wp-json\/wp\/v2\/pages\/1840\/revisions"}],"predecessor-version":[{"id":1851,"href":"https:\/\/farinefarchioni.it\/de\/wp-json\/wp\/v2\/pages\/1840\/revisions\/1851"}],"wp:featuredmedia":[{"embeddable":true,"href":"https:\/\/farinefarchioni.it\/de\/wp-json\/wp\/v2\/media\/1748"}],"wp:attachment":[{"href":"https:\/\/farinefarchioni.it\/de\/wp-json\/wp\/v2\/media?parent=1840"}],"curies":[{"name":"wp","href":"https:\/\/api.w.org\/{rel}","templated":true}]}}