{"id":1815,"date":"2023-09-01T14:21:28","date_gmt":"2023-09-01T14:21:28","guid":{"rendered":"https:\/\/farinefarchioni.it\/cookie-policy\/"},"modified":"2023-10-17T06:50:00","modified_gmt":"2023-10-17T06:50:00","slug":"cookie-policy","status":"publish","type":"page","link":"https:\/\/farinefarchioni.it\/de\/cookie-policy\/","title":{"rendered":"Cookie Policy"},"content":{"rendered":"\n<div style=\"height:50px\" aria-hidden=\"true\" class=\"wp-block-spacer\"><\/div>\n\n\n\n<p><strong>Verwendung von Cookies auf dieser Website<br><\/strong>Diese Cookie-Richtlinie beschreibt, wie Cookies auf dieser Website eingesetzt werden. Zun\u00e4chst ist darauf hinzuweisen, dass die Verwendung von sog. Sitzungscookies (die nicht dauerhaft auf dem Computer des Benutzers gespeichert werden und beim Schlie\u00dfen des Browsers verschwinden) die \u00dcbertragung von Sitzungskennungen (bestehend aus vom Server generierten Zufallszahlen) erm\u00f6glicht, die f\u00fcr die sichere und effiziente Erkundung der Website erforderlich sind. Die auf dieser Website verwendeten sog. Sitzungscookies vermeiden die Verwendung anderer Computertechniken, die die Vertraulichkeit der Benutzernavigation beeintr\u00e4chtigen k\u00f6nnten, und erm\u00f6glichen nicht die Erfassung pers\u00f6nlicher Identifikationsdaten des Benutzers.<\/p>\n\n\n\n<p><strong>Was ist ein Cookie?<br><\/strong>F\u00fcr n\u00fctzliche Informationen \u00fcber Cookies und ihre \u2013 wenn auch nur potenzielle \u2013 Verwendung, und um herauszufinden, wie Sie die Einstellungen Ihres Browsers bez\u00fcglich der Verwendung von Cookies \u00e4ndern k\u00f6nnen, lesen Sie bitte diese ausf\u00fchrliche Beschreibung.<\/p>\n\n\n\n<p><strong>Browser-Cookies<br><\/strong>Cookies sind Teile von Informationen, die die Website beim Besuch einer Seite auf Ihrem Navigationsger\u00e4t ablegt. Sie k\u00f6nnen die \u00dcbermittlung von Informationen zwischen der Website und Ihrem Ger\u00e4t sowie zwischen diesen und anderen Websites, die in unserem Auftrag oder privat betrieben werden, gem\u00e4\u00df den Bestimmungen der jeweiligen Datenschutzerkl\u00e4rung beinhalten. Wir k\u00f6nnen Cookies verwenden, um die Informationen zu sammeln, die wir \u00fcber Sie erheben. Sie k\u00f6nnen entscheiden, ob Sie jedes Mal, wenn ein Cookie gesendet wird, eine Benachrichtigung erhalten m\u00f6chten, oder ob Sie alle Cookies deaktivieren m\u00f6chten, indem Sie Ihre Browsereinstellungen \u00e4ndern. Durch die Deaktivierung von Cookies funktionieren einige unserer Dienste m\u00f6glicherweise nicht ordnungsgem\u00e4\u00df und Sie haben keinen Zugriff auf viele Funktionen, mit denen Sie das Surfergebnis auf der Website optimieren k\u00f6nnen. Weitere Informationen zum Verwalten oder Deaktivieren von Browser-Cookies finden Sie im letzten Abschnitt dieser Cookie-Richtlinie. Wir verwenden verschiedene Arten von Cookies mit unterschiedlichen Funktionen. Was die technischen Cookies betrifft, so k\u00f6nnen wir dauerhafte und sitzungsspezifische Cookies verwenden, die ausschlie\u00dflich dazu dienen, eine effiziente Navigation auf der Website zu erm\u00f6glichen. Wir behalten uns vor, eine regelm\u00e4\u00dfig aktualisierte Tabelle zu ver\u00f6ffentlichen, in der die Arten der verwendeten Cookies und n\u00fctzliche Hinweise zu den spezifischen Verwendungszwecken aufgef\u00fchrt sind. Nachstehend finden Sie eine kurze Beschreibung der wichtigsten Arten von technisch nutzbaren Cookies.<\/p>\n\n\n\n<p><strong>1. Unbedingt erforderliche Cookies (technische Cookies)<br><\/strong>Diese Cookies sind unerl\u00e4sslich, um die Website durchsuchen und einige Funktionen nutzen zu k\u00f6nnen. Ohne die unbedingt erforderlichen Cookies sind die Onlinedienste, die normalerweise auf der Website angeboten werden, m\u00f6glicherweise nicht zug\u00e4nglich, wenn ihre Bereitstellung ausschlie\u00dflich auf Cookies dieser Art basiert. Cookies dieser Art erm\u00f6glichen es dem Benutzer, effizient zwischen den Seiten einer Website zu navigieren und die verschiedenen angebotenen Optionen und Dienste zu nutzen. Sie erm\u00f6glichen es beispielsweise, eine Sitzung zu identifizieren, auf eingeschr\u00e4nkte Bereiche zuzugreifen, sich an die Elemente zu erinnern, aus denen eine zuvor formulierte Anfrage besteht, eine Bestellung abzuschlie\u00dfen oder ein Angebot zu speichern. Eine Einwilligung f\u00fcr technische Cookies ist nicht erforderlich, da sie f\u00fcr die Sicherstellung der erforderlichen Dienste unerl\u00e4sslich sind. Es ist m\u00f6glich, technische Cookies zu blockieren oder zu entfernen, indem Sie die Konfiguration der Optionen Ihres Browsers \u00e4ndern. Bei Durchf\u00fchrung dieser Vorg\u00e4nge ist es jedoch m\u00f6glich, dass Sie auf bestimmte Bereiche der Website nicht zugreifen oder einige der angebotenen Dienste nicht nutzen k\u00f6nnen. F\u00fcr weitere Informationen verweisen wir auf die Datenschutzerkl\u00e4rung der Website.<\/p>\n\n\n\n<p><strong>2. Funktionscookies (Profiling-Cookies)<br><\/strong>Wir behalten uns vor, von unserer Seite (oder von den Dienstanbietern, die in unserem Namen t\u00e4tig sind) Funktionscookies auf Ihrem Navigationsger\u00e4t abzulegen. Sollten wir diese Cookies verwenden, geben wir die durch Funktionscookies gesammelten Informationen nicht an Werbetreibende oder Dritte weiter. Diese Cookies werden verwendet, um die getroffenen Entscheidungen zu speichern (Sprachpr\u00e4ferenz, Land oder andere Online-Einstellungen) und benutzerdefinierte oder optimierte Funktionen bereitzustellen, die vom Benutzer ausgew\u00e4hlt wurden. Funktionscookies k\u00f6nnen dazu verwendet werden, Onlinedienste anzubieten oder zu verhindern, dass Ihnen Dienste angeboten werden, die Sie in der Vergangenheit abgelehnt haben. Wir weisen Sie ferner darauf hin, dass es technisch m\u00f6glich ist, Werbetreibende oder Dritte zur Bereitstellung von Inhalten und anderen Onlineerlebnissen \u00fcber diese Website zu autorisieren. In diesem Fall k\u00f6nnte der Drittanbieter eigene Funktionscookies auf Ihrem Ger\u00e4t ablegen und diese \u00e4hnlich wie wir nutzen, um Ihnen ma\u00dfgeschneiderte Funktionen zu bieten und Ihre Benutzererfahrung zu optimieren. Durch die Auswahl benutzerdefinierter Optionen und Einstellungen oder optimierter Funktionen autorisieren Sie uns zur Verwendung der Funktionscookies, die f\u00fcr die Bereitstellung solcher Erlebnisse ben\u00f6tigt werden. Durch das L\u00f6schen von Funktionscookies werden Pr\u00e4ferenzen oder ausgew\u00e4hlte Einstellungen nicht f\u00fcr zuk\u00fcnftige Besuche gespeichert. F\u00fcr den Fall, dass Cookies von Drittanbietern verwendet werden, behalten wir uns vor, ausf\u00fchrliche Links zu den von diesen Anbietern erstellten Richtlinien bereitzustellen. Die Website kann Remarketing-Tools von Drittanbietern verwenden. Aus diesem Grund k\u00f6nnen einige Seiten der Website einen Code enthalten, der als \u201eRemarketing-Code\u201c bezeichnet wird. Mit diesem Code k\u00f6nnen Sie Browser-Cookies lesen und konfigurieren, um zu bestimmen, welche Art von Anzeige Sie sehen, abh\u00e4ngig von den Daten Ihres Besuchs auf der Website, z.&nbsp;B. der gew\u00e4hlten Navigationsschaltung, den tats\u00e4chlich besuchten Seiten oder den durchgef\u00fchrten Aktionen innerhalb dieser Seiten. Die auf diese Weise erstellten Remarketing-Listen werden in einer Datenbank von Google-Servern gespeichert, in der alle IDs der Cookies gespeichert sind, die jeder Liste oder Interessenkategorie zugeordnet sind. Die erhaltenen Informationen erm\u00f6glichen es, nur den Browser zu identifizieren, da der Drittanbieter anhand dieser Informationen nicht in der Lage ist, den Benutzer zu identifizieren. Diese Tools erm\u00f6glichen die Ver\u00f6ffentlichung von benutzerdefinierten Anzeigen basierend auf den Besuchen der Benutzer auf unserer Website. Diese Tools erm\u00f6glichen die Ver\u00f6ffentlichung von benutzerdefinierten Anzeigen basierend auf den Besuchen der Benutzer auf unserer Website. Insbesondere k\u00f6nnen wir auf die folgenden Remarketing-Tools zur\u00fcckgreifen:<\/p>\n\n\n\n<p><strong>Google Adwords<\/strong> Weitere Informationen zum Google-Remarketing finden Sie unter: https:\/\/support.google.com\/adwords\/answer\/2454000? hl=de&amp;ref_topic=2677326 Weitere Informationen zu den Datenschutzbestimmungen und -prinzipien von Google finden Sie unter: <a href=\"https:\/\/policies.google.com\/technologies\/ads?hl=de&amp;fg=1\">https:\/\/policies.google.com\/technologies\/ads?hl=de&amp;fg=1<\/a><\/p>\n\n\n\n<p><strong>Bing Ads<\/strong> Weitere Informationen zum Microsoft-Remarketing finden Sie unter: http:\/\/choice.microsoft.com\/de-DE Weitere Informationen zu den Datenschutzbestimmungen und -prinzipien von Microsoft finden Sie unter: <a href=\"http:\/\/www.microsoft.com\/privacystatement\/de-de\/bingandmsn\/default.aspx\">http:\/\/www.microsoft.com\/privacystatement\/de-de\/bingandmsn\/default.aspx<\/a><\/p>\n\n\n\n<p><strong>Facebook Ads<\/strong> Weitere Informationen zum Facebook-Remarketing finden Sie unter: https:\/\/www.facebook.com\/help\/1505060059715840 Weitere Informationen zu den Datenschutzbestimmungen und -prinzipien von Facebook finden Sie unter: <a href=\"https:\/\/www.facebook.com\/policy.php\">https:\/\/www.facebook.com\/policy.php<\/a><\/p>\n\n\n\n<p><strong>Registrierte Besucher<\/strong> Wir behalten uns das Recht vor, die Onlineaktivit\u00e4ten der registrierten Besucher auf unseren Websites und Onlinediensten durch die Verwendung von Cookies und anderen Trackingtechnologien zu analysieren. Wenn Sie sich entschieden haben, Mitteilungen von uns zu erhalten, k\u00f6nnen wir Cookies und andere Trackingtechnologien verwenden, um zuk\u00fcnftige Kommunikationen gem\u00e4\u00df Ihren Interessen zu personalisieren. Dar\u00fcber hinaus behalten wir uns das Recht vor, Cookies oder andere Trackingtechnologien innerhalb der Mitteilungen, die Sie von uns erhalten, zu verwenden (z.&nbsp;B. um zu erfahren, ob diese gelesen oder ge\u00f6ffnet wurden, oder mit welchen Inhalten Sie interagiert haben und welche Links Sie ge\u00f6ffnet haben), um zuk\u00fcnftige Kommunikationen besser auf Ihre Interessen abzustimmen. Wenn Sie keine gezielten Mitteilungen mehr erhalten m\u00f6chten, klicken Sie auf den Link zum Abbestellen, der in unseren Mitteilungen verf\u00fcgbar ist, oder melden Sie sich bei Ihrem Konto an, um die Einwilligung f\u00fcr Marketingmitteilungen zu widerrufen. Wenn Sie keine personalisierte Werbung mehr erhalten m\u00f6chten, die auf Ihrer Onlineaktivit\u00e4t auf dieser und anderen Websites basiert, folgen Sie den obigen Anweisungen (f\u00fcr gezielte Werbung).<\/p>\n\n\n\n<p><strong>Aktivieren\/Deaktivieren von Cookies durch den Browser<br><\/strong>Es gibt mehrere M\u00f6glichkeiten, Cookies und andere Trackingtechnologien zu verwalten. Indem Sie Ihre Browsereinstellungen \u00e4ndern, k\u00f6nnen Sie Cookies akzeptieren oder ablehnen oder sich daf\u00fcr entscheiden, einen Hinweis zu erhalten, bevor Sie ein Cookie von den von Ihnen besuchten Websites akzeptieren. Denken Sie daran, dass Sie durch die vollst\u00e4ndige Deaktivierung von Cookies in Ihrem Browser m\u00f6glicherweise nicht alle unsere interaktiven Funktionen nutzen k\u00f6nnen. Wenn Sie mehrere Computer an verschiedenen Standorten verwenden, achten Sie darauf, dass jeder Browser so eingestellt ist, dass er Ihren Pr\u00e4ferenzen entspricht. Sie k\u00f6nnen alle im Cookie-Ordner Ihres Browsers installierten Cookies l\u00f6schen. Jeder Browser verf\u00fcgt \u00fcber unterschiedliche Verfahren zum Verwalten von Einstellungen. Klicken Sie auf einen der nachstehenden Links, um spezifische Anweisungen zu erhalten. Microsoft Internet Explorer Google Chrome Mozilla Firefox Apple Safari Wenn Sie keinen der oben aufgef\u00fchrten Browser verwenden, w\u00e4hlen Sie \u201eCookies\u201c im entsprechenden Abschnitt des Handbuchs, um herauszufinden, wo sich Ihr Cookie-Ordner befindet.<\/p>\n\n\n\n<p><strong>L\u00f6schen von Flash-Cookies<br><\/strong>Klicken Sie auf den nachstehenden Link, um Ihre Einstellungen f\u00fcr Flash-Cookies zu \u00e4ndern. Deaktivieren von Flash-Cookies <strong>Aktivieren und Deaktivieren von Cookies<\/strong> Neben der M\u00f6glichkeit, mit den Tools Ihres Browsers einzelne Cookies zu aktivieren oder zu deaktivieren, m\u00f6chten wir Sie darauf hinweisen, dass auf der Website www.youronlinechoices.com die wichtigsten Anbieter aufgelistet sind, die mit Website-Betreibern zusammenarbeiten, um f\u00fcr verhaltensbezogene Werbung n\u00fctzliche Informationen zu sammeln und zu verwenden. Sie k\u00f6nnen alle Unternehmen deaktivieren oder aktivieren oder alternativ Ihre Pr\u00e4ferenzen f\u00fcr jedes Unternehmen individuell anpassen. Dazu k\u00f6nnen Sie das Tool auf der Seite https:\/\/www.youronlinechoices.com\/de\/praferenzmanagement\/ verwenden, um Ihre Pr\u00e4ferenzen f\u00fcr verhaltensbezogene Werbung zu verwalten.<\/p>\n\n\n\n<p>Weitere n\u00fctzliche Informationen \u00fcber Cookies finden Sie unter den folgenden Adressen: www.allaboutcookies.org www.youronlinechoices.com<\/p>\n","protected":false},"excerpt":{"rendered":"<p>Verwendung von Cookies auf dieser WebsiteDiese Cookie-Richtlinie beschreibt, wie Cookies auf dieser Website eingesetzt werden. Zun\u00e4chst ist darauf hinzuweisen, dass die Verwendung von sog. Sitzungscookies (die nicht dauerhaft auf dem Computer des Benutzers gespeichert werden und beim Schlie\u00dfen des Browsers verschwinden) die \u00dcbertragung von Sitzungskennungen (bestehend aus vom Server generierten Zufallszahlen) erm\u00f6glicht, die f\u00fcr die [&hellip;]<\/p>\n","protected":false},"author":2,"featured_media":1734,"parent":0,"menu_order":0,"comment_status":"closed","ping_status":"closed","template":"page-small-header","meta":{"_acf_changed":false,"footnotes":""},"class_list":["post-1815","page","type-page","status-publish","has-post-thumbnail","hentry"],"acf":[],"yoast_head":"<!-- This site is optimized with the Yoast SEO plugin v26.9 - https:\/\/yoast.com\/product\/yoast-seo-wordpress\/ -->\n<title>Cookie Policy - Farine Farchioni<\/title>\n<meta name=\"robots\" content=\"index, follow, max-snippet:-1, max-image-preview:large, max-video-preview:-1\" \/>\n<link rel=\"canonical\" href=\"https:\/\/farinefarchioni.it\/de\/cookie-policy\/\" \/>\n<meta property=\"og:locale\" content=\"de_DE\" \/>\n<meta property=\"og:type\" content=\"article\" \/>\n<meta property=\"og:title\" content=\"Cookie Policy - Farine Farchioni\" \/>\n<meta property=\"og:description\" content=\"Verwendung von Cookies auf dieser WebsiteDiese Cookie-Richtlinie beschreibt, wie Cookies auf dieser Website eingesetzt werden. Zun\u00e4chst ist darauf hinzuweisen, dass die Verwendung von sog. Sitzungscookies (die nicht dauerhaft auf dem Computer des Benutzers gespeichert werden und beim Schlie\u00dfen des Browsers verschwinden) die \u00dcbertragung von Sitzungskennungen (bestehend aus vom Server generierten Zufallszahlen) erm\u00f6glicht, die f\u00fcr die [&hellip;]\" \/>\n<meta property=\"og:url\" content=\"https:\/\/farinefarchioni.it\/de\/cookie-policy\/\" \/>\n<meta property=\"og:site_name\" content=\"Farine Farchioni\" \/>\n<meta property=\"article:publisher\" content=\"https:\/\/www.facebook.com\/farinefarchioni\" \/>\n<meta property=\"article:modified_time\" content=\"2023-10-17T06:50:00+00:00\" \/>\n<meta property=\"og:image\" content=\"https:\/\/farinefarchioni.it\/wp-content\/uploads\/Farchioni_Mulino_Farina_-32-scaled.jpg\" \/>\n\t<meta property=\"og:image:width\" content=\"2560\" \/>\n\t<meta property=\"og:image:height\" content=\"1707\" \/>\n\t<meta property=\"og:image:type\" content=\"image\/jpeg\" \/>\n<meta name=\"twitter:card\" content=\"summary_large_image\" \/>\n<meta name=\"twitter:label1\" content=\"Gesch\u00e4tzte Lesezeit\" \/>\n\t<meta name=\"twitter:data1\" content=\"8\u00a0Minuten\" \/>\n<script type=\"application\/ld+json\" class=\"yoast-schema-graph\">{\"@context\":\"https:\/\/schema.org\",\"@graph\":[{\"@type\":\"WebPage\",\"@id\":\"https:\/\/farinefarchioni.it\/de\/cookie-policy\/\",\"url\":\"https:\/\/farinefarchioni.it\/de\/cookie-policy\/\",\"name\":\"Cookie Policy - Farine Farchioni\",\"isPartOf\":{\"@id\":\"https:\/\/farinefarchioni.it\/#website\"},\"primaryImageOfPage\":{\"@id\":\"https:\/\/farinefarchioni.it\/de\/cookie-policy\/#primaryimage\"},\"image\":{\"@id\":\"https:\/\/farinefarchioni.it\/de\/cookie-policy\/#primaryimage\"},\"thumbnailUrl\":\"https:\/\/farinefarchioni.it\/wp-content\/uploads\/Farchioni_Mulino_Farina_-32-scaled.jpg\",\"datePublished\":\"2023-09-01T14:21:28+00:00\",\"dateModified\":\"2023-10-17T06:50:00+00:00\",\"breadcrumb\":{\"@id\":\"https:\/\/farinefarchioni.it\/de\/cookie-policy\/#breadcrumb\"},\"inLanguage\":\"de\",\"potentialAction\":[{\"@type\":\"ReadAction\",\"target\":[\"https:\/\/farinefarchioni.it\/de\/cookie-policy\/\"]}]},{\"@type\":\"ImageObject\",\"inLanguage\":\"de\",\"@id\":\"https:\/\/farinefarchioni.it\/de\/cookie-policy\/#primaryimage\",\"url\":\"https:\/\/farinefarchioni.it\/wp-content\/uploads\/Farchioni_Mulino_Farina_-32-scaled.jpg\",\"contentUrl\":\"https:\/\/farinefarchioni.it\/wp-content\/uploads\/Farchioni_Mulino_Farina_-32-scaled.jpg\",\"width\":2560,\"height\":1707},{\"@type\":\"BreadcrumbList\",\"@id\":\"https:\/\/farinefarchioni.it\/de\/cookie-policy\/#breadcrumb\",\"itemListElement\":[{\"@type\":\"ListItem\",\"position\":1,\"name\":\"Home\",\"item\":\"https:\/\/farinefarchioni.it\/de\/\"},{\"@type\":\"ListItem\",\"position\":2,\"name\":\"Cookie Policy\"}]},{\"@type\":\"WebSite\",\"@id\":\"https:\/\/farinefarchioni.it\/#website\",\"url\":\"https:\/\/farinefarchioni.it\/\",\"name\":\"Farine Farchioni\",\"description\":\"Coltiviamo Farine d&#039;arte dal 1780\",\"publisher\":{\"@id\":\"https:\/\/farinefarchioni.it\/#organization\"},\"potentialAction\":[{\"@type\":\"SearchAction\",\"target\":{\"@type\":\"EntryPoint\",\"urlTemplate\":\"https:\/\/farinefarchioni.it\/?s={search_term_string}\"},\"query-input\":{\"@type\":\"PropertyValueSpecification\",\"valueRequired\":true,\"valueName\":\"search_term_string\"}}],\"inLanguage\":\"de\"},{\"@type\":\"Organization\",\"@id\":\"https:\/\/farinefarchioni.it\/#organization\",\"name\":\"Farine Farchioni\",\"url\":\"https:\/\/farinefarchioni.it\/\",\"logo\":{\"@type\":\"ImageObject\",\"inLanguage\":\"de\",\"@id\":\"https:\/\/farinefarchioni.it\/#\/schema\/logo\/image\/\",\"url\":\"https:\/\/farinefarchioni.it\/wp-content\/uploads\/farinefarchioni-logo.png\",\"contentUrl\":\"https:\/\/farinefarchioni.it\/wp-content\/uploads\/farinefarchioni-logo.png\",\"width\":1080,\"height\":625,\"caption\":\"Farine Farchioni\"},\"image\":{\"@id\":\"https:\/\/farinefarchioni.it\/#\/schema\/logo\/image\/\"},\"sameAs\":[\"https:\/\/www.facebook.com\/farinefarchioni\",\"https:\/\/www.instagram.com\/farinefarchioni\/\"]}]}<\/script>\n<!-- \/ Yoast SEO plugin. -->","yoast_head_json":{"title":"Cookie Policy - Farine Farchioni","robots":{"index":"index","follow":"follow","max-snippet":"max-snippet:-1","max-image-preview":"max-image-preview:large","max-video-preview":"max-video-preview:-1"},"canonical":"https:\/\/farinefarchioni.it\/de\/cookie-policy\/","og_locale":"de_DE","og_type":"article","og_title":"Cookie Policy - Farine Farchioni","og_description":"Verwendung von Cookies auf dieser WebsiteDiese Cookie-Richtlinie beschreibt, wie Cookies auf dieser Website eingesetzt werden. Zun\u00e4chst ist darauf hinzuweisen, dass die Verwendung von sog. Sitzungscookies (die nicht dauerhaft auf dem Computer des Benutzers gespeichert werden und beim Schlie\u00dfen des Browsers verschwinden) die \u00dcbertragung von Sitzungskennungen (bestehend aus vom Server generierten Zufallszahlen) erm\u00f6glicht, die f\u00fcr die [&hellip;]","og_url":"https:\/\/farinefarchioni.it\/de\/cookie-policy\/","og_site_name":"Farine Farchioni","article_publisher":"https:\/\/www.facebook.com\/farinefarchioni","article_modified_time":"2023-10-17T06:50:00+00:00","og_image":[{"width":2560,"height":1707,"url":"https:\/\/farinefarchioni.it\/wp-content\/uploads\/Farchioni_Mulino_Farina_-32-scaled.jpg","type":"image\/jpeg"}],"twitter_card":"summary_large_image","twitter_misc":{"Gesch\u00e4tzte Lesezeit":"8\u00a0Minuten"},"schema":{"@context":"https:\/\/schema.org","@graph":[{"@type":"WebPage","@id":"https:\/\/farinefarchioni.it\/de\/cookie-policy\/","url":"https:\/\/farinefarchioni.it\/de\/cookie-policy\/","name":"Cookie Policy - Farine Farchioni","isPartOf":{"@id":"https:\/\/farinefarchioni.it\/#website"},"primaryImageOfPage":{"@id":"https:\/\/farinefarchioni.it\/de\/cookie-policy\/#primaryimage"},"image":{"@id":"https:\/\/farinefarchioni.it\/de\/cookie-policy\/#primaryimage"},"thumbnailUrl":"https:\/\/farinefarchioni.it\/wp-content\/uploads\/Farchioni_Mulino_Farina_-32-scaled.jpg","datePublished":"2023-09-01T14:21:28+00:00","dateModified":"2023-10-17T06:50:00+00:00","breadcrumb":{"@id":"https:\/\/farinefarchioni.it\/de\/cookie-policy\/#breadcrumb"},"inLanguage":"de","potentialAction":[{"@type":"ReadAction","target":["https:\/\/farinefarchioni.it\/de\/cookie-policy\/"]}]},{"@type":"ImageObject","inLanguage":"de","@id":"https:\/\/farinefarchioni.it\/de\/cookie-policy\/#primaryimage","url":"https:\/\/farinefarchioni.it\/wp-content\/uploads\/Farchioni_Mulino_Farina_-32-scaled.jpg","contentUrl":"https:\/\/farinefarchioni.it\/wp-content\/uploads\/Farchioni_Mulino_Farina_-32-scaled.jpg","width":2560,"height":1707},{"@type":"BreadcrumbList","@id":"https:\/\/farinefarchioni.it\/de\/cookie-policy\/#breadcrumb","itemListElement":[{"@type":"ListItem","position":1,"name":"Home","item":"https:\/\/farinefarchioni.it\/de\/"},{"@type":"ListItem","position":2,"name":"Cookie Policy"}]},{"@type":"WebSite","@id":"https:\/\/farinefarchioni.it\/#website","url":"https:\/\/farinefarchioni.it\/","name":"Farine Farchioni","description":"Coltiviamo Farine d&#039;arte dal 1780","publisher":{"@id":"https:\/\/farinefarchioni.it\/#organization"},"potentialAction":[{"@type":"SearchAction","target":{"@type":"EntryPoint","urlTemplate":"https:\/\/farinefarchioni.it\/?s={search_term_string}"},"query-input":{"@type":"PropertyValueSpecification","valueRequired":true,"valueName":"search_term_string"}}],"inLanguage":"de"},{"@type":"Organization","@id":"https:\/\/farinefarchioni.it\/#organization","name":"Farine Farchioni","url":"https:\/\/farinefarchioni.it\/","logo":{"@type":"ImageObject","inLanguage":"de","@id":"https:\/\/farinefarchioni.it\/#\/schema\/logo\/image\/","url":"https:\/\/farinefarchioni.it\/wp-content\/uploads\/farinefarchioni-logo.png","contentUrl":"https:\/\/farinefarchioni.it\/wp-content\/uploads\/farinefarchioni-logo.png","width":1080,"height":625,"caption":"Farine Farchioni"},"image":{"@id":"https:\/\/farinefarchioni.it\/#\/schema\/logo\/image\/"},"sameAs":["https:\/\/www.facebook.com\/farinefarchioni","https:\/\/www.instagram.com\/farinefarchioni\/"]}]}},"_links":{"self":[{"href":"https:\/\/farinefarchioni.it\/de\/wp-json\/wp\/v2\/pages\/1815","targetHints":{"allow":["GET"]}}],"collection":[{"href":"https:\/\/farinefarchioni.it\/de\/wp-json\/wp\/v2\/pages"}],"about":[{"href":"https:\/\/farinefarchioni.it\/de\/wp-json\/wp\/v2\/types\/page"}],"author":[{"embeddable":true,"href":"https:\/\/farinefarchioni.it\/de\/wp-json\/wp\/v2\/users\/2"}],"replies":[{"embeddable":true,"href":"https:\/\/farinefarchioni.it\/de\/wp-json\/wp\/v2\/comments?post=1815"}],"version-history":[{"count":1,"href":"https:\/\/farinefarchioni.it\/de\/wp-json\/wp\/v2\/pages\/1815\/revisions"}],"predecessor-version":[{"id":1816,"href":"https:\/\/farinefarchioni.it\/de\/wp-json\/wp\/v2\/pages\/1815\/revisions\/1816"}],"wp:featuredmedia":[{"embeddable":true,"href":"https:\/\/farinefarchioni.it\/de\/wp-json\/wp\/v2\/media\/1734"}],"wp:attachment":[{"href":"https:\/\/farinefarchioni.it\/de\/wp-json\/wp\/v2\/media?parent=1815"}],"curies":[{"name":"wp","href":"https:\/\/api.w.org\/{rel}","templated":true}]}}