{"id":1799,"date":"2023-06-29T13:46:26","date_gmt":"2023-06-29T13:46:26","guid":{"rendered":"https:\/\/farinefarchioni.it\/chi-siamo\/"},"modified":"2023-10-17T07:37:15","modified_gmt":"2023-10-17T07:37:15","slug":"uber-uns","status":"publish","type":"page","link":"https:\/\/farinefarchioni.it\/de\/uber-uns\/","title":{"rendered":"\u00dcBER UNS"},"content":{"rendered":"\n<div class=\"wp-block-group alignfull card p-0 border-0 bg-dark is-layout-constrained wp-block-group-is-layout-constrained\" id=\"hero\">\n<figure class=\"wp-block-image alignfull size-full  card-img ratio ratio-1x1 ratio-lg-90vh ratio-80vh is-cover\"><img decoding=\"async\" width=\"1920\" height=\"851\" src=\"https:\/\/farinefarchioni.it\/wp-content\/uploads\/campo-di-grano-farchioni.webp\" alt=\"\" class=\"wp-image-872\" srcset=\"https:\/\/farinefarchioni.it\/wp-content\/uploads\/campo-di-grano-farchioni.webp 1920w, https:\/\/farinefarchioni.it\/wp-content\/uploads\/campo-di-grano-farchioni-1080x479.webp 1080w, https:\/\/farinefarchioni.it\/wp-content\/uploads\/campo-di-grano-farchioni-300x133.webp 300w, https:\/\/farinefarchioni.it\/wp-content\/uploads\/campo-di-grano-farchioni-1440x638.webp 1440w\" sizes=\"(max-width: 1920px) 100vw, 1920px\" \/><\/figure>\n\n\n\n<div class=\"wp-block-group alignfull img-overlay overlay-opacity-20 mt-0 is-layout-constrained wp-block-group-is-layout-constrained\"><\/div>\n\n\n\n<div class=\"wp-block-group alignwide card-img-overlay mt-0 is-horizontal is-layout-flex wp-block-group-is-layout-flex\">\n<div class=\"wp-block-group pt-3 is-layout-constrained wp-block-group-is-layout-constrained\">\n<h1 class=\"wp-block-heading text-white font-weight-bold\"><strong>Eine gro\u00dfe Familie im Zeichen des guten Geschmacks<\/strong><\/h1>\n\n\n\n<div class=\"wp-block-buttons farchioni-button-primary is-layout-flex wp-block-buttons-is-layout-flex\">\n<div class=\"wp-block-button\"><a class=\"wp-block-button__link wp-element-button\" href=\"\/de\/unsere-mehle\/\">UNSERE PRODUKTE<\/a><\/div>\n<\/div>\n<\/div>\n<\/div>\n<\/div>\n\n\n\n<figure class=\"wp-block-image alignfull size-full separatore-sagomato\"><img decoding=\"async\" src=\"https:\/\/farinefarchioni.it\/wp-content\/uploads\/Separatore-bianco.svg\" alt=\"\" class=\"wp-image-265\"\/><\/figure>\n\n\n\t<div class=\"div-generico row mb-lg-3 pb-lg-1 mt-2  align-items-center alignwide\">\n\t<div class=\"div-generico col-lg-6  align-self-center\">\n\n<h3 class=\"wp-block-heading\">Die Urspr\u00fcnge des Traums<\/h3>\n\n\n\n<p>Ein Traum ist wie ein Haus: Damit es solide und stabil ist, muss es \u00fcber ein festes Fundament verf\u00fcgen. F\u00fcr uns begann alles, als eine kleine Steinm\u00fchle mit der ersten Drehung des M\u00fchlsteins die Produktion von Oliven\u00f6l und Mehl in Gang setzte. Hier nahm der Traum Gestalt an. Unter Nutzung aller klassischen Elemente der umbrischen Landwirtschaft, wie Getreide, Oliven und Weintrauben, haben wir im Lauf der Zeit Produkte entwickelt, die aufgrund ihrer hohen Qualit\u00e4t bekannt sind. Dabei haben wir stets vollste R\u00fccksicht auf unsere Umwelt genommen. Als sich unser Gro\u00dfvater in Giano dell&#8217;Umbria niederlie\u00df, begann f\u00fcr ihn ein neues Kapitel. Hier setzte er den Grundstein f\u00fcr die Geschichte des heutigen Unternehmens.<\/p>\n\n\n\n<p>Die Begeisterung unseres Gro\u00dfvaters wurde \u00fcber Generationen weitergegeben und liegt heute in den H\u00e4nden von <strong>Pompeo<\/strong> und <strong>Roberto<\/strong>, inspiriert von der Arbeit ihrer beiden V\u00e4ter <strong>Lanfranco<\/strong> und <strong>Domenico<\/strong>. An ihrer Seite sitzt die j\u00fcngste Generation, die Kinder von Pompeo: <strong>Giampaolo<\/strong>, <strong>Marco<\/strong> und <strong>Cecilia.<\/strong><\/p>\n\n<\/div>\n\n\n\n\t<div class=\"div-generico col-lg-6  mb-lg-0 mt-lg-0 mt-1 mb-2\">\n\n<figure class=\"wp-block-image size-full\"><img decoding=\"async\" width=\"1081\" height=\"1081\" src=\"https:\/\/farinefarchioni.it\/wp-content\/uploads\/LaStoria-Farchioni.jpg\" alt=\"\" class=\"wp-image-875\" srcset=\"https:\/\/farinefarchioni.it\/wp-content\/uploads\/LaStoria-Farchioni.jpg 1081w, https:\/\/farinefarchioni.it\/wp-content\/uploads\/LaStoria-Farchioni-300x300.jpg 300w\" sizes=\"(max-width: 1081px) 100vw, 1081px\" \/><\/figure>\n\n<\/div>\n\n\n<\/div>\n\n\n\n\n<figure class=\"wp-block-image alignfull size-full separatore-sagomato\"><img decoding=\"async\" src=\"https:\/\/farinefarchioni.it\/wp-content\/uploads\/Separatore-bianco.svg\" alt=\"\" class=\"wp-image-265\"\/><\/figure>\n\n\n\n<div class=\"wp-block-group alignfull has-tertiary-background-color has-background is-layout-constrained wp-block-group-is-layout-constrained\" style=\"padding-top:var(--wp--preset--spacing--80);padding-bottom:var(--wp--preset--spacing--80)\">\n<h3 class=\"text-center m-auto mb-2\">Die Familie besteht aus vielen unterschiedlichen <span class=\"testo-giallo\">Pers\u00f6nlichkeiten<\/span> mit einem gemeinsamen Nenner, der F\u00e4higkeit, die verschiedensten <span class=\"testo-giallo\">Geschmacksrichtungen<\/span> perfekt miteinander zu kombinieren. <\/h3>\n<\/div>\n\n\n\n<figure class=\"wp-block-image alignfull size-full separatore-sagomato\"><img decoding=\"async\" src=\"https:\/\/farinefarchioni.it\/wp-content\/uploads\/Separatore-bianco.svg\" alt=\"\" class=\"wp-image-265\"\/><\/figure>\n\n\n\t<div class=\"div-generico row mb-lg-3 pb-lg-1 mt-2 alignwide\">\n\t<div class=\"div-generico col-lg-5 mb-lg-0 order-lg-1 align-self-center\">\n\n<h3 class=\"wp-block-heading\">Eine gro\u00dfe Vision<\/h3>\n\n\n\n<p>Seit jeher sind wir auf der Suche nach den Reicht\u00fcmern, die uns die Natur bietet. Unsere Familie ist im Laufe der Jahre stark gewachsen und besteht heute aus zahlreichen landwirtschaftlichen, agroindustriellen und Dienstleistungsbetrieben, die denselben Traum mit uns teilen.<\/p>\n\n<\/div>\n\n\n\n\t<div class=\"div-generico col-lg-7  \">\n\n<figure class=\"wp-block-image size-full\"><img decoding=\"async\" width=\"1201\" height=\"801\" src=\"https:\/\/farinefarchioni.it\/wp-content\/uploads\/Farina-cucina-farchioni.jpg\" alt=\"\" class=\"wp-image-877\" srcset=\"https:\/\/farinefarchioni.it\/wp-content\/uploads\/Farina-cucina-farchioni.jpg 1201w, https:\/\/farinefarchioni.it\/wp-content\/uploads\/Farina-cucina-farchioni-1080x720.jpg 1080w, https:\/\/farinefarchioni.it\/wp-content\/uploads\/Farina-cucina-farchioni-300x200.jpg 300w\" sizes=\"(max-width: 1201px) 100vw, 1201px\" \/><\/figure>\n\n<\/div>\n\n\n<\/div>\n\n\n\n\t<div class=\"div-generico row mb-lg-3 pb-lg-1 mt-2 alignwide\">\n\t<div class=\"div-generico col-lg-5 align-self-center\">\n\n<h3 class=\"wp-block-heading\">Aus Umbrien<\/h3>\n\n\n\n<p>Gemeinsam bewirtschaften wir immer gr\u00f6\u00dfere Fl\u00e4chen: Von Umbrien aus haben wir uns aufgemacht nach ganz Italien, und heute sind wir in der ganzen Welt vertreten, jedoch \u00fcberall mit unserer ganz pers\u00f6nlichen Handschrift. Die M\u00fche hat sich gelohnt, denn wir konnten einen Gesamtumsatz von \u00fcber 120&nbsp;Millionen Euro erzielen. In den letzten Jahren haben wir weitere Tr\u00e4ume verwirklicht: den Bau der neuen M\u00e4lzerei und Brauerei, die Modernisierung der \u00d6lm\u00fchle, eine neue Kellerei und die Anpflanzung neuer Weinberge.<\/p>\n\n<\/div>\n\n\n\n\t<div class=\"div-generico col-lg-7  mb-lg-0\">\n\n<figure class=\"wp-block-image size-large\"><img decoding=\"async\" width=\"1920\" height=\"1093\" src=\"https:\/\/farinefarchioni.it\/wp-content\/uploads\/FarineFarchioni-CampoGrano-1920x1093.jpg\" alt=\"\" class=\"wp-image-197\" srcset=\"https:\/\/farinefarchioni.it\/wp-content\/uploads\/FarineFarchioni-CampoGrano-1920x1093.jpg 1920w, https:\/\/farinefarchioni.it\/wp-content\/uploads\/FarineFarchioni-CampoGrano-1080x615.jpg 1080w, https:\/\/farinefarchioni.it\/wp-content\/uploads\/FarineFarchioni-CampoGrano-300x171.jpg 300w, https:\/\/farinefarchioni.it\/wp-content\/uploads\/FarineFarchioni-CampoGrano-1440x820.jpg 1440w\" sizes=\"(max-width: 1920px) 100vw, 1920px\" \/><\/figure>\n\n<\/div>\n\n\n<\/div>\n\n\n\n\n<figure class=\"wp-block-image alignfull size-full separatore-sagomato\"><img decoding=\"async\" src=\"https:\/\/farinefarchioni.it\/wp-content\/uploads\/Separatore-bianco.svg\" alt=\"\" class=\"wp-image-265\"\/><\/figure>\n\n\n\n<div class=\"wp-block-cover alignfull is-light pt-2 pb-2 sfondo-farine\" style=\"padding-top:0;padding-right:0;padding-bottom:0;padding-left:0;min-height:900px;aspect-ratio:unset;\"><span aria-hidden=\"true\" class=\"wp-block-cover__background has-background-background-color has-background-dim-60 has-background-dim\"><\/span><div class=\"wp-block-cover__inner-container is-layout-flow wp-block-cover-is-layout-flow\">\n<div class=\"wp-block-group is-content-justification-center is-layout-constrained wp-block-group-is-layout-constrained\">\n<div class=\"wp-block-group alignwide is-vertical is-content-justification-left is-layout-flex wp-container-core-group-is-layout-b21d21b4 wp-block-group-is-layout-flex\">\n<h2 class=\"text-center m-auto\">Entdecken Sie unsere<span class=\"testo-giallo\">Produkte<\/span><\/h2>\n<\/div>\n\n\n<div id=\"slider-post-query-block_c3e3038912e9c2db380cb296968d0149\" class=\"slider-post-query\" >\n\n    <div class=\"carousel carousel-main  carousel-block_c3e3038912e9c2db380cb296968d0149 opacity-0\"  >\n        \n    <div id=\"post-2584\" class=\" has-link col-6 col-lg-4 carousel-cell acf-template_post-render post-2584 cpt_prodotti type-cpt_prodotti status-publish has-post-thumbnail hentry tax_prodotti-spezielle-mehle tax_prodotti-traditionelle-linie\" style=\"\" >\n\t<div class=\"hook--start\"><\/div>\n\t<div class=\"position-relative layout_element_inner_class \" style=\"\">\n\t\t\t\t\t<a href=\"https:\/\/farinefarchioni.it\/de\/prodotti\/farina-speciale-per-dolci\/\" class=\"stretched-link\"><\/a>\t\t\t\t<div class=\"position-relative d-block w-100 h-auto layout_element_image_class \" style=\"\">\n\t\t\t<div class=\"hook--before_image\"><\/div>\n\t\t\t<div class=\"hook--before_image_bis\"><\/div>\n\t\t\t\t\t\t\t<figure class=\" image_element  ratio ratio-3x4 is-cover\" style=\"\">\n\t\t\t\t\t\t<img decoding=\"async\" width=\"1080\" height=\"1080\" src=\"https:\/\/farinefarchioni.it\/wp-content\/uploads\/3D-2023_FARCHIONI_FARINA-SPECIALE-PER-DOLCI-0-EXE.png\" class=\"\" alt=\"Spezialmehl f\u00fcr Kuchen\" title=\"Spezialmehl f\u00fcr Kuchen\" style=\"\" srcset=\"https:\/\/farinefarchioni.it\/wp-content\/uploads\/3D-2023_FARCHIONI_FARINA-SPECIALE-PER-DOLCI-0-EXE.png 1080w, https:\/\/farinefarchioni.it\/wp-content\/uploads\/3D-2023_FARCHIONI_FARINA-SPECIALE-PER-DOLCI-0-EXE-300x300.png 300w\" sizes=\"(max-width: 1080px) 100vw, 1080px\" \/>\t\t\t\t<\/figure>\n\t\t\t\t\t\t<\/div>\n\t\t<div class=\" layout_contenuti_class \" style=\"\">\n\t\t\t<div class=\"hook--before_contents\"><\/div>\n\t\t\t\t\t\t<div class=\"hook--after_contents\"><\/div>\n\t\t<\/div>\n\t<\/div>\n\t<div class=\"hook--end\"><\/div>\n<\/div><div id=\"post-2588\" class=\" has-link col-6 col-lg-4 carousel-cell acf-template_post-render post-2588 cpt_prodotti type-cpt_prodotti status-publish has-post-thumbnail hentry tax_prodotti-spezielle-mehle tax_prodotti-traditionelle-linie\" style=\"\" >\n\t<div class=\"hook--start\"><\/div>\n\t<div class=\"position-relative layout_element_inner_class \" style=\"\">\n\t\t\t\t\t<a href=\"https:\/\/farinefarchioni.it\/de\/prodotti\/spezialmehl-fuer-pizza\/\" class=\"stretched-link\"><\/a>\t\t\t\t<div class=\"position-relative d-block w-100 h-auto layout_element_image_class \" style=\"\">\n\t\t\t<div class=\"hook--before_image\"><\/div>\n\t\t\t<div class=\"hook--before_image_bis\"><\/div>\n\t\t\t\t\t\t\t<figure class=\" image_element  ratio ratio-3x4 is-cover\" style=\"\">\n\t\t\t\t\t\t<img decoding=\"async\" width=\"1080\" height=\"1080\" src=\"https:\/\/farinefarchioni.it\/wp-content\/uploads\/3D-2023_FARCHIONI_FARINA-SPECIALE-PER-PIZZE-0-EXE.png\" class=\"\" alt=\"Spezialmehl f\u00fcr Pizza\" title=\"Spezialmehl f\u00fcr Pizza\" style=\"\" srcset=\"https:\/\/farinefarchioni.it\/wp-content\/uploads\/3D-2023_FARCHIONI_FARINA-SPECIALE-PER-PIZZE-0-EXE.png 1080w, https:\/\/farinefarchioni.it\/wp-content\/uploads\/3D-2023_FARCHIONI_FARINA-SPECIALE-PER-PIZZE-0-EXE-300x300.png 300w\" sizes=\"(max-width: 1080px) 100vw, 1080px\" \/>\t\t\t\t<\/figure>\n\t\t\t\t\t\t<\/div>\n\t\t<div class=\" layout_contenuti_class \" style=\"\">\n\t\t\t<div class=\"hook--before_contents\"><\/div>\n\t\t\t\t\t\t<div class=\"hook--after_contents\"><\/div>\n\t\t<\/div>\n\t<\/div>\n\t<div class=\"hook--end\"><\/div>\n<\/div><div id=\"post-2589\" class=\" has-link col-6 col-lg-4 carousel-cell acf-template_post-render post-2589 cpt_prodotti type-cpt_prodotti status-publish has-post-thumbnail hentry tax_prodotti-klassische-mehle tax_prodotti-traditionelle-linie\" style=\"\" >\n\t<div class=\"hook--start\"><\/div>\n\t<div class=\"position-relative layout_element_inner_class \" style=\"\">\n\t\t\t\t\t<a href=\"https:\/\/farinefarchioni.it\/de\/prodotti\/mehl-typ-0\/\" class=\"stretched-link\"><\/a>\t\t\t\t<div class=\"position-relative d-block w-100 h-auto layout_element_image_class \" style=\"\">\n\t\t\t<div class=\"hook--before_image\"><\/div>\n\t\t\t<div class=\"hook--before_image_bis\"><\/div>\n\t\t\t\t\t\t\t<figure class=\" image_element  ratio ratio-3x4 is-cover\" style=\"\">\n\t\t\t\t\t\t<img decoding=\"async\" width=\"1080\" height=\"1080\" src=\"https:\/\/farinefarchioni.it\/wp-content\/uploads\/3D-2023_FARCHIONI_FARINA-BASE_TIPO-0.png\" class=\"\" alt=\"Mehl Typ 0\" title=\"Mehl Typ 0\" style=\"\" srcset=\"https:\/\/farinefarchioni.it\/wp-content\/uploads\/3D-2023_FARCHIONI_FARINA-BASE_TIPO-0.png 1080w, https:\/\/farinefarchioni.it\/wp-content\/uploads\/3D-2023_FARCHIONI_FARINA-BASE_TIPO-0-300x300.png 300w\" sizes=\"(max-width: 1080px) 100vw, 1080px\" \/>\t\t\t\t<\/figure>\n\t\t\t\t\t\t<\/div>\n\t\t<div class=\" layout_contenuti_class \" style=\"\">\n\t\t\t<div class=\"hook--before_contents\"><\/div>\n\t\t\t\t\t\t<div class=\"hook--after_contents\"><\/div>\n\t\t<\/div>\n\t<\/div>\n\t<div class=\"hook--end\"><\/div>\n<\/div>        \n    <\/div>\n        \n<\/div>\n\n\n<\/div>\n<\/div><\/div>\n","protected":false},"excerpt":{"rendered":"<p>Eine gro\u00dfe Familie im Zeichen des guten Geschmacks Die Familie besteht aus vielen unterschiedlichen Pers\u00f6nlichkeiten mit einem gemeinsamen Nenner, der F\u00e4higkeit, die verschiedensten Geschmacksrichtungen perfekt miteinander zu kombinieren.<\/p>\n","protected":false},"author":3,"featured_media":1690,"parent":0,"menu_order":0,"comment_status":"closed","ping_status":"closed","template":"front_page","meta":{"_acf_changed":false,"footnotes":""},"class_list":["post-1799","page","type-page","status-publish","has-post-thumbnail","hentry"],"acf":[],"yoast_head":"<!-- This site is optimized with the Yoast SEO plugin v26.9 - https:\/\/yoast.com\/product\/yoast-seo-wordpress\/ -->\n<title>\u00dcBER UNS - Farine Farchioni<\/title>\n<meta name=\"robots\" content=\"index, follow, max-snippet:-1, max-image-preview:large, max-video-preview:-1\" \/>\n<link rel=\"canonical\" href=\"https:\/\/farinefarchioni.it\/de\/uber-uns\/\" \/>\n<meta property=\"og:locale\" content=\"de_DE\" \/>\n<meta property=\"og:type\" content=\"article\" \/>\n<meta property=\"og:title\" content=\"\u00dcBER UNS - Farine Farchioni\" \/>\n<meta property=\"og:description\" content=\"Eine gro\u00dfe Familie im Zeichen des guten Geschmacks Die Familie besteht aus vielen unterschiedlichen Pers\u00f6nlichkeiten mit einem gemeinsamen Nenner, der F\u00e4higkeit, die verschiedensten Geschmacksrichtungen perfekt miteinander zu kombinieren.\" \/>\n<meta property=\"og:url\" content=\"https:\/\/farinefarchioni.it\/de\/uber-uns\/\" \/>\n<meta property=\"og:site_name\" content=\"Farine Farchioni\" \/>\n<meta property=\"article:publisher\" content=\"https:\/\/www.facebook.com\/farinefarchioni\" \/>\n<meta property=\"article:modified_time\" content=\"2023-10-17T07:37:15+00:00\" \/>\n<meta property=\"og:image\" content=\"https:\/\/farinefarchioni.it\/wp-content\/uploads\/campo-di-grano-farchioni.webp\" \/>\n<meta name=\"twitter:card\" content=\"summary_large_image\" \/>\n<meta name=\"twitter:label1\" content=\"Gesch\u00e4tzte Lesezeit\" \/>\n\t<meta name=\"twitter:data1\" content=\"4\u00a0Minuten\" \/>\n<script type=\"application\/ld+json\" class=\"yoast-schema-graph\">{\"@context\":\"https:\/\/schema.org\",\"@graph\":[{\"@type\":\"WebPage\",\"@id\":\"https:\/\/farinefarchioni.it\/de\/uber-uns\/\",\"url\":\"https:\/\/farinefarchioni.it\/de\/uber-uns\/\",\"name\":\"\u00dcBER UNS - Farine Farchioni\",\"isPartOf\":{\"@id\":\"https:\/\/farinefarchioni.it\/#website\"},\"primaryImageOfPage\":{\"@id\":\"https:\/\/farinefarchioni.it\/de\/uber-uns\/#primaryimage\"},\"image\":{\"@id\":\"https:\/\/farinefarchioni.it\/de\/uber-uns\/#primaryimage\"},\"thumbnailUrl\":\"https:\/\/farinefarchioni.it\/wp-content\/uploads\/campo-di-grano-farchioni.webp\",\"datePublished\":\"2023-06-29T13:46:26+00:00\",\"dateModified\":\"2023-10-17T07:37:15+00:00\",\"breadcrumb\":{\"@id\":\"https:\/\/farinefarchioni.it\/de\/uber-uns\/#breadcrumb\"},\"inLanguage\":\"de\",\"potentialAction\":[{\"@type\":\"ReadAction\",\"target\":[\"https:\/\/farinefarchioni.it\/de\/uber-uns\/\"]}]},{\"@type\":\"ImageObject\",\"inLanguage\":\"de\",\"@id\":\"https:\/\/farinefarchioni.it\/de\/uber-uns\/#primaryimage\",\"url\":\"https:\/\/farinefarchioni.it\/wp-content\/uploads\/campo-di-grano-farchioni.webp\",\"contentUrl\":\"https:\/\/farinefarchioni.it\/wp-content\/uploads\/campo-di-grano-farchioni.webp\",\"width\":1920,\"height\":851},{\"@type\":\"BreadcrumbList\",\"@id\":\"https:\/\/farinefarchioni.it\/de\/uber-uns\/#breadcrumb\",\"itemListElement\":[{\"@type\":\"ListItem\",\"position\":1,\"name\":\"Home\",\"item\":\"https:\/\/farinefarchioni.it\/de\/\"},{\"@type\":\"ListItem\",\"position\":2,\"name\":\"\u00dcBER UNS\"}]},{\"@type\":\"WebSite\",\"@id\":\"https:\/\/farinefarchioni.it\/#website\",\"url\":\"https:\/\/farinefarchioni.it\/\",\"name\":\"Farine Farchioni\",\"description\":\"Coltiviamo Farine d&#039;arte dal 1780\",\"publisher\":{\"@id\":\"https:\/\/farinefarchioni.it\/#organization\"},\"potentialAction\":[{\"@type\":\"SearchAction\",\"target\":{\"@type\":\"EntryPoint\",\"urlTemplate\":\"https:\/\/farinefarchioni.it\/?s={search_term_string}\"},\"query-input\":{\"@type\":\"PropertyValueSpecification\",\"valueRequired\":true,\"valueName\":\"search_term_string\"}}],\"inLanguage\":\"de\"},{\"@type\":\"Organization\",\"@id\":\"https:\/\/farinefarchioni.it\/#organization\",\"name\":\"Farine Farchioni\",\"url\":\"https:\/\/farinefarchioni.it\/\",\"logo\":{\"@type\":\"ImageObject\",\"inLanguage\":\"de\",\"@id\":\"https:\/\/farinefarchioni.it\/#\/schema\/logo\/image\/\",\"url\":\"https:\/\/farinefarchioni.it\/wp-content\/uploads\/farinefarchioni-logo.png\",\"contentUrl\":\"https:\/\/farinefarchioni.it\/wp-content\/uploads\/farinefarchioni-logo.png\",\"width\":1080,\"height\":625,\"caption\":\"Farine Farchioni\"},\"image\":{\"@id\":\"https:\/\/farinefarchioni.it\/#\/schema\/logo\/image\/\"},\"sameAs\":[\"https:\/\/www.facebook.com\/farinefarchioni\",\"https:\/\/www.instagram.com\/farinefarchioni\/\"]}]}<\/script>\n<!-- \/ Yoast SEO plugin. -->","yoast_head_json":{"title":"\u00dcBER UNS - Farine Farchioni","robots":{"index":"index","follow":"follow","max-snippet":"max-snippet:-1","max-image-preview":"max-image-preview:large","max-video-preview":"max-video-preview:-1"},"canonical":"https:\/\/farinefarchioni.it\/de\/uber-uns\/","og_locale":"de_DE","og_type":"article","og_title":"\u00dcBER UNS - Farine Farchioni","og_description":"Eine gro\u00dfe Familie im Zeichen des guten Geschmacks Die Familie besteht aus vielen unterschiedlichen Pers\u00f6nlichkeiten mit einem gemeinsamen Nenner, der F\u00e4higkeit, die verschiedensten Geschmacksrichtungen perfekt miteinander zu kombinieren.","og_url":"https:\/\/farinefarchioni.it\/de\/uber-uns\/","og_site_name":"Farine Farchioni","article_publisher":"https:\/\/www.facebook.com\/farinefarchioni","article_modified_time":"2023-10-17T07:37:15+00:00","og_image":[{"url":"https:\/\/farinefarchioni.it\/wp-content\/uploads\/campo-di-grano-farchioni.webp","type":"","width":"","height":""}],"twitter_card":"summary_large_image","twitter_misc":{"Gesch\u00e4tzte Lesezeit":"4\u00a0Minuten"},"schema":{"@context":"https:\/\/schema.org","@graph":[{"@type":"WebPage","@id":"https:\/\/farinefarchioni.it\/de\/uber-uns\/","url":"https:\/\/farinefarchioni.it\/de\/uber-uns\/","name":"\u00dcBER UNS - Farine Farchioni","isPartOf":{"@id":"https:\/\/farinefarchioni.it\/#website"},"primaryImageOfPage":{"@id":"https:\/\/farinefarchioni.it\/de\/uber-uns\/#primaryimage"},"image":{"@id":"https:\/\/farinefarchioni.it\/de\/uber-uns\/#primaryimage"},"thumbnailUrl":"https:\/\/farinefarchioni.it\/wp-content\/uploads\/campo-di-grano-farchioni.webp","datePublished":"2023-06-29T13:46:26+00:00","dateModified":"2023-10-17T07:37:15+00:00","breadcrumb":{"@id":"https:\/\/farinefarchioni.it\/de\/uber-uns\/#breadcrumb"},"inLanguage":"de","potentialAction":[{"@type":"ReadAction","target":["https:\/\/farinefarchioni.it\/de\/uber-uns\/"]}]},{"@type":"ImageObject","inLanguage":"de","@id":"https:\/\/farinefarchioni.it\/de\/uber-uns\/#primaryimage","url":"https:\/\/farinefarchioni.it\/wp-content\/uploads\/campo-di-grano-farchioni.webp","contentUrl":"https:\/\/farinefarchioni.it\/wp-content\/uploads\/campo-di-grano-farchioni.webp","width":1920,"height":851},{"@type":"BreadcrumbList","@id":"https:\/\/farinefarchioni.it\/de\/uber-uns\/#breadcrumb","itemListElement":[{"@type":"ListItem","position":1,"name":"Home","item":"https:\/\/farinefarchioni.it\/de\/"},{"@type":"ListItem","position":2,"name":"\u00dcBER UNS"}]},{"@type":"WebSite","@id":"https:\/\/farinefarchioni.it\/#website","url":"https:\/\/farinefarchioni.it\/","name":"Farine Farchioni","description":"Coltiviamo Farine d&#039;arte dal 1780","publisher":{"@id":"https:\/\/farinefarchioni.it\/#organization"},"potentialAction":[{"@type":"SearchAction","target":{"@type":"EntryPoint","urlTemplate":"https:\/\/farinefarchioni.it\/?s={search_term_string}"},"query-input":{"@type":"PropertyValueSpecification","valueRequired":true,"valueName":"search_term_string"}}],"inLanguage":"de"},{"@type":"Organization","@id":"https:\/\/farinefarchioni.it\/#organization","name":"Farine Farchioni","url":"https:\/\/farinefarchioni.it\/","logo":{"@type":"ImageObject","inLanguage":"de","@id":"https:\/\/farinefarchioni.it\/#\/schema\/logo\/image\/","url":"https:\/\/farinefarchioni.it\/wp-content\/uploads\/farinefarchioni-logo.png","contentUrl":"https:\/\/farinefarchioni.it\/wp-content\/uploads\/farinefarchioni-logo.png","width":1080,"height":625,"caption":"Farine Farchioni"},"image":{"@id":"https:\/\/farinefarchioni.it\/#\/schema\/logo\/image\/"},"sameAs":["https:\/\/www.facebook.com\/farinefarchioni","https:\/\/www.instagram.com\/farinefarchioni\/"]}]}},"_links":{"self":[{"href":"https:\/\/farinefarchioni.it\/de\/wp-json\/wp\/v2\/pages\/1799","targetHints":{"allow":["GET"]}}],"collection":[{"href":"https:\/\/farinefarchioni.it\/de\/wp-json\/wp\/v2\/pages"}],"about":[{"href":"https:\/\/farinefarchioni.it\/de\/wp-json\/wp\/v2\/types\/page"}],"author":[{"embeddable":true,"href":"https:\/\/farinefarchioni.it\/de\/wp-json\/wp\/v2\/users\/3"}],"replies":[{"embeddable":true,"href":"https:\/\/farinefarchioni.it\/de\/wp-json\/wp\/v2\/comments?post=1799"}],"version-history":[{"count":5,"href":"https:\/\/farinefarchioni.it\/de\/wp-json\/wp\/v2\/pages\/1799\/revisions"}],"predecessor-version":[{"id":1825,"href":"https:\/\/farinefarchioni.it\/de\/wp-json\/wp\/v2\/pages\/1799\/revisions\/1825"}],"wp:featuredmedia":[{"embeddable":true,"href":"https:\/\/farinefarchioni.it\/de\/wp-json\/wp\/v2\/media\/1690"}],"wp:attachment":[{"href":"https:\/\/farinefarchioni.it\/de\/wp-json\/wp\/v2\/media?parent=1799"}],"curies":[{"name":"wp","href":"https:\/\/api.w.org\/{rel}","templated":true}]}}